{"id":7673,"date":"2025-03-21T11:00:49","date_gmt":"2025-03-21T10:00:49","guid":{"rendered":"https:\/\/www.asapitcrew.cz\/?page_id=7673"},"modified":"2025-04-01T08:47:47","modified_gmt":"2025-04-01T07:47:47","slug":"proaktivni-kyberneticka-ochrana","status":"publish","type":"page","link":"https:\/\/www.asapitcrew.cz\/en\/proaktivni-kyberneticka-ochrana\/","title":{"rendered":"Proaktivn\u00ed kybernetick\u00e1 ochrana"},"content":{"rendered":"<div class=\"wp-block-cover alignfull is-light\"><span aria-hidden=\"true\" class=\"wp-block-cover__background has-background-dim-0 has-background-dim\" style=\"background-color:#FFF\"><\/span><video class=\"wp-block-cover__video-background intrinsic-ignore\" autoplay muted loop playsinline src=\"http:\/\/sites.asapitcrew.cz\/asap\/wp-content\/uploads\/2025\/01\/3129957-Uhd-3840-2160-25Fps-1.mp4\" data-object-fit=\"cover\"><\/video><div class=\"wp-block-cover__inner-container has-global-padding is-layout-constrained wp-block-cover-is-layout-constrained\">\n<figure class=\"wp-block-image aligncenter size-full is-resized\"><img loading=\"lazy\" decoding=\"async\" width=\"2560\" height=\"1012\" src=\"https:\/\/www.asapitcrew.cz\/wp-content\/uploads\/2025\/03\/ESET_logo.svg_.png\" alt=\"\" class=\"wp-image-7688\" style=\"width:432px;height:auto\" srcset=\"https:\/\/www.asapitcrew.cz\/wp-content\/uploads\/2025\/03\/ESET_logo.svg_.png 2560w, https:\/\/www.asapitcrew.cz\/wp-content\/uploads\/2025\/03\/ESET_logo.svg_-300x119.png 300w, https:\/\/www.asapitcrew.cz\/wp-content\/uploads\/2025\/03\/ESET_logo.svg_-1024x405.png 1024w, https:\/\/www.asapitcrew.cz\/wp-content\/uploads\/2025\/03\/ESET_logo.svg_-2000x791.png 2000w, https:\/\/www.asapitcrew.cz\/wp-content\/uploads\/2025\/03\/ESET_logo.svg_-18x7.png 18w\" sizes=\"auto, (max-width: 2560px) 100vw, 2560px\" \/><\/figure>\n<\/div><\/div>\n\n\n\n<h2 class=\"wp-block-heading has-text-align-center\">S proaktivn\u00ed kybernetickou ochranou<br>je v\u00e1\u0161 byznys v&nbsp;bezpe\u010d\u00ed<\/h2>\n\n\n\n<p class=\"has-text-align-center has-medium-font-size\"><a href=\"https:\/\/www.eset.com\"><strong>www.eset.com<\/strong><\/a><\/p>\n\n\n\n<p class=\"has-text-align-center\">Zvy\u0161te bezpe\u010dnost sv\u00e9 firmy s technologiemi nov\u00e9 generace.<\/p>\n\n\n\n<figure class=\"wp-block-image aligncenter size-full\"><img loading=\"lazy\" decoding=\"async\" width=\"751\" height=\"99\" src=\"https:\/\/www.asapitcrew.cz\/wp-content\/uploads\/2025\/03\/eset.png\" alt=\"\" class=\"wp-image-7686\" srcset=\"https:\/\/www.asapitcrew.cz\/wp-content\/uploads\/2025\/03\/eset.png 751w, https:\/\/www.asapitcrew.cz\/wp-content\/uploads\/2025\/03\/eset-300x40.png 300w, https:\/\/www.asapitcrew.cz\/wp-content\/uploads\/2025\/03\/eset-18x2.png 18w\" sizes=\"auto, (max-width: 751px) 100vw, 751px\" \/><\/figure>\n\n\n\n<p class=\"has-text-align-center\">Chra\u0148te svou firmu p\u0159ed kybernetick\u00fdmi hrozbami, jako je&nbsp;<strong>ransomware<\/strong>, phishing, \u00fatoky nult\u00e9ho dne nebo c\u00edlen\u00e9 \u00fatoky. Na\u0161e flexibiln\u00ed&nbsp;<strong>\u0159e\u0161en\u00ed kybernetick\u00e9 bezpe\u010dnosti<\/strong>&nbsp;identifikuje a p\u0159edch\u00e1z\u00ed zn\u00e1m\u00fdm i nov\u00fdm hrozb\u00e1m, a to s&nbsp;<strong>minim\u00e1ln\u00edm dopadem na v\u00fdkon<\/strong>&nbsp;va\u0161ich syst\u00e9m\u016f. Zajist\u011bte kontinuitu sv\u00e9ho podnik\u00e1n\u00ed a z\u00e1rove\u0148&nbsp;<strong>sni\u017ete n\u00e1klady<\/strong>&nbsp;na implementaci a spr\u00e1vu bezpe\u010dnostn\u00edch opat\u0159en\u00ed.<\/p>\n\n\n\n<figure class=\"wp-block-embed is-type-video is-provider-youtube wp-block-embed-youtube wp-embed-aspect-16-9 wp-has-aspect-ratio\"><div class=\"wp-block-embed__wrapper\">\n<iframe loading=\"lazy\" title=\"Platforma ESET PROTECT | Nekompromisn\u00ed syst\u00e9m ochrany proti kybernetick\u00fdm \u00fatok\u016fm\" width=\"950\" height=\"534\" src=\"https:\/\/www.youtube.com\/embed\/z4R3Etya7eE?feature=oembed\" frameborder=\"0\" allow=\"accelerometer; autoplay; clipboard-write; encrypted-media; gyroscope; picture-in-picture; web-share\" referrerpolicy=\"strict-origin-when-cross-origin\" allowfullscreen><\/iframe>\n<\/div><\/figure>","protected":false},"excerpt":{"rendered":"<p>S proaktivn\u00ed kybernetickou ochranouje v\u00e1\u0161 byznys v&nbsp;bezpe\u010d\u00ed www.eset.com Zvy\u0161te bezpe\u010dnost sv\u00e9 firmy s technologiemi nov\u00e9 generace. Chra\u0148te svou firmu p\u0159ed kybernetick\u00fdmi hrozbami, jako je&nbsp;ransomware, phishing, \u00fatoky nult\u00e9ho dne nebo c\u00edlen\u00e9 \u00fatoky. Na\u0161e flexibiln\u00ed&nbsp;\u0159e\u0161en\u00ed kybernetick\u00e9 bezpe\u010dnosti&nbsp;identifikuje a p\u0159edch\u00e1z\u00ed zn\u00e1m\u00fdm i nov\u00fdm hrozb\u00e1m, a to s&nbsp;minim\u00e1ln\u00edm dopadem na v\u00fdkon&nbsp;va\u0161ich syst\u00e9m\u016f. Zajist\u011bte kontinuitu sv\u00e9ho podnik\u00e1n\u00ed a z\u00e1rove\u0148&nbsp;sni\u017ete n\u00e1klady&nbsp;na &hellip; <\/p>\n<p class=\"link-more\"><a href=\"https:\/\/www.asapitcrew.cz\/en\/proaktivni-kyberneticka-ochrana\/\" class=\"more-link\">Read more<span class=\"screen-reader-text\"> &#8222;Proaktivn\u00ed kybernetick\u00e1 ochrana&#8220;<\/span><\/a><\/p>","protected":false},"author":1,"featured_media":7074,"parent":0,"menu_order":0,"comment_status":"closed","ping_status":"closed","template":"page-templates\/no-title.php","meta":{"footnotes":""},"class_list":["post-7673","page","type-page","status-publish","has-post-thumbnail","hentry"],"_links":{"self":[{"href":"https:\/\/www.asapitcrew.cz\/en\/wp-json\/wp\/v2\/pages\/7673","targetHints":{"allow":["GET"]}}],"collection":[{"href":"https:\/\/www.asapitcrew.cz\/en\/wp-json\/wp\/v2\/pages"}],"about":[{"href":"https:\/\/www.asapitcrew.cz\/en\/wp-json\/wp\/v2\/types\/page"}],"author":[{"embeddable":true,"href":"https:\/\/www.asapitcrew.cz\/en\/wp-json\/wp\/v2\/users\/1"}],"replies":[{"embeddable":true,"href":"https:\/\/www.asapitcrew.cz\/en\/wp-json\/wp\/v2\/comments?post=7673"}],"version-history":[{"count":6,"href":"https:\/\/www.asapitcrew.cz\/en\/wp-json\/wp\/v2\/pages\/7673\/revisions"}],"predecessor-version":[{"id":7701,"href":"https:\/\/www.asapitcrew.cz\/en\/wp-json\/wp\/v2\/pages\/7673\/revisions\/7701"}],"wp:featuredmedia":[{"embeddable":true,"href":"https:\/\/www.asapitcrew.cz\/en\/wp-json\/wp\/v2\/media\/7074"}],"wp:attachment":[{"href":"https:\/\/www.asapitcrew.cz\/en\/wp-json\/wp\/v2\/media?parent=7673"}],"curies":[{"name":"wp","href":"https:\/\/api.w.org\/{rel}","templated":true}]}}