{"id":7526,"date":"2025-03-20T12:36:20","date_gmt":"2025-03-20T11:36:20","guid":{"rendered":"https:\/\/www.asapitcrew.cz\/?page_id=7526"},"modified":"2025-04-01T08:09:12","modified_gmt":"2025-04-01T07:09:12","slug":"hyperkonvergovana-infrastruktura","status":"publish","type":"page","link":"https:\/\/www.asapitcrew.cz\/en\/hyperkonvergovana-infrastruktura\/","title":{"rendered":"Hyperkonvergovan\u00e1 infrastruktura"},"content":{"rendered":"<div class=\"wp-block-cover alignfull is-light\"><span aria-hidden=\"true\" class=\"wp-block-cover__background has-background-dim-0 has-background-dim\" style=\"background-color:#FFF\"><\/span><video class=\"wp-block-cover__video-background intrinsic-ignore\" autoplay muted loop playsinline src=\"http:\/\/sites.asapitcrew.cz\/asap\/wp-content\/uploads\/2025\/01\/3129957-Uhd-3840-2160-25Fps-1.mp4\" data-object-fit=\"cover\"><\/video><div class=\"wp-block-cover__inner-container has-global-padding is-layout-constrained wp-block-cover-is-layout-constrained\">\n<figure class=\"wp-block-image aligncenter size-full\"><img loading=\"lazy\" decoding=\"async\" width=\"1491\" height=\"193\" src=\"https:\/\/www.asapitcrew.cz\/wp-content\/uploads\/2025\/03\/ntnx_big.d.png\" alt=\"\" class=\"wp-image-7529\" srcset=\"https:\/\/www.asapitcrew.cz\/wp-content\/uploads\/2025\/03\/ntnx_big.d.png 1491w, https:\/\/www.asapitcrew.cz\/wp-content\/uploads\/2025\/03\/ntnx_big.d-300x39.png 300w, https:\/\/www.asapitcrew.cz\/wp-content\/uploads\/2025\/03\/ntnx_big.d-1024x133.png 1024w, https:\/\/www.asapitcrew.cz\/wp-content\/uploads\/2025\/03\/ntnx_big.d-18x2.png 18w\" sizes=\"auto, (max-width: 1491px) 100vw, 1491px\" \/><\/figure>\n<\/div><\/div>\n\n\n\n<h2 class=\"wp-block-heading has-text-align-center\">Nutanix poskytuje ide\u00e1ln\u00ed platformu pro va\u0161i firmu<\/h2>\n\n\n\n<p class=\"has-text-align-center has-medium-font-size\"><a href=\"https:\/\/www.nutanix.com\"><strong>www.nutanix.com<\/strong><\/a><\/p>\n\n\n\n<div class=\"wp-block-group is-horizontal is-content-justification-center is-nowrap is-layout-flex wp-container-core-group-is-layout-01421867 wp-block-group-is-layout-flex\" style=\"padding-top:0;padding-bottom:0\">\n<div class=\"wp-block-media-text is-stacked-on-mobile is-vertically-aligned-center\" style=\"padding-top:var(--wp--preset--spacing--x-small);padding-bottom:var(--wp--preset--spacing--x-small);grid-template-columns:25% auto\"><figure class=\"wp-block-media-text__media\"><img loading=\"lazy\" decoding=\"async\" width=\"300\" height=\"185\" src=\"https:\/\/www.asapitcrew.cz\/wp-content\/uploads\/2025\/03\/img-what-we-do-panel-1.png\" alt=\"\" class=\"wp-image-7541 size-full\" srcset=\"https:\/\/www.asapitcrew.cz\/wp-content\/uploads\/2025\/03\/img-what-we-do-panel-1.png 300w, https:\/\/www.asapitcrew.cz\/wp-content\/uploads\/2025\/03\/img-what-we-do-panel-1-18x12.png 18w\" sizes=\"auto, (max-width: 300px) 100vw, 300px\" \/><\/figure><div class=\"wp-block-media-text__content\">\n<div class=\"wp-block-group is-nowrap is-layout-flex wp-container-core-group-is-layout-6c531013 wp-block-group-is-layout-flex\">\n<h2 class=\"wp-block-heading\">Modernizujte sv\u00e9 datacentrum<\/h2>\n<\/div>\n\n\n\n<div class=\"wp-block-group is-nowrap is-layout-flex wp-container-core-group-is-layout-6c531013 wp-block-group-is-layout-flex\">\n<p>Vytvo\u0159te modern\u00ed platformu s hyperkonvergovan\u00fdm v\u00fdpo\u010detn\u00edm v\u00fdkonem, \u00falo\u017ei\u0161t\u011bm, virtualizac\u00ed a s\u00edt\u00ed v j\u00e1dru. Zjednodu\u0161ujeme zp\u016fsob, jak\u00fdm nakupujete, nasazujete a spravujete IT slu\u017eby.<\/p>\n\n\n\n<figure class=\"wp-block-image size-full is-resized\"><img loading=\"lazy\" decoding=\"async\" width=\"120\" height=\"120\" src=\"https:\/\/www.asapitcrew.cz\/wp-content\/uploads\/2025\/03\/icn-unified-platform.png\" alt=\"\" class=\"wp-image-7531\" style=\"width:200px\" srcset=\"https:\/\/www.asapitcrew.cz\/wp-content\/uploads\/2025\/03\/icn-unified-platform.png 120w, https:\/\/www.asapitcrew.cz\/wp-content\/uploads\/2025\/03\/icn-unified-platform-12x12.png 12w\" sizes=\"auto, (max-width: 120px) 100vw, 120px\" \/><\/figure>\n<\/div>\n<\/div><\/div>\n<\/div>\n\n\n\n<div class=\"wp-block-group is-nowrap is-layout-flex wp-container-core-group-is-layout-947e61e1 wp-block-group-is-layout-flex\" style=\"padding-top:0;padding-bottom:0\">\n<div class=\"wp-block-media-text is-stacked-on-mobile is-vertically-aligned-center\" style=\"padding-top:var(--wp--preset--spacing--x-small);padding-bottom:var(--wp--preset--spacing--x-small);grid-template-columns:25% auto\"><figure class=\"wp-block-media-text__media\"><img loading=\"lazy\" decoding=\"async\" width=\"300\" height=\"185\" src=\"https:\/\/www.asapitcrew.cz\/wp-content\/uploads\/2025\/03\/img-what-we-do-panel-2.png\" alt=\"\" class=\"wp-image-7545 size-full\" srcset=\"https:\/\/www.asapitcrew.cz\/wp-content\/uploads\/2025\/03\/img-what-we-do-panel-2.png 300w, https:\/\/www.asapitcrew.cz\/wp-content\/uploads\/2025\/03\/img-what-we-do-panel-2-18x12.png 18w\" sizes=\"auto, (max-width: 300px) 100vw, 300px\" \/><\/figure><div class=\"wp-block-media-text__content\">\n<div class=\"wp-block-group is-nowrap is-layout-flex wp-container-core-group-is-layout-6c531013 wp-block-group-is-layout-flex\">\n<h2 class=\"wp-block-heading\">Sjedno\u0165te operace na jedn\u00e9 platform\u011b<\/h2>\n<\/div>\n\n\n\n<div class=\"wp-block-group is-nowrap is-layout-flex wp-container-core-group-is-layout-6c531013 wp-block-group-is-layout-flex\">\n<p>Na\u0161e softwarov\u011b definovan\u00e1 infrastruktura sjednocuje aplikace a data na jedn\u00e9 platform\u011b, co\u017e v\u00e1m umo\u017e\u0148uje spravovat celou infrastrukturu z jednoho p\u0159ehledn\u00e9ho rozhran\u00ed.<\/p>\n\n\n\n<figure class=\"wp-block-image size-full is-resized\"><img loading=\"lazy\" decoding=\"async\" width=\"120\" height=\"120\" src=\"https:\/\/www.asapitcrew.cz\/wp-content\/uploads\/2025\/03\/icn-unify-operations.png\" alt=\"\" class=\"wp-image-7533\" style=\"width:200px\" srcset=\"https:\/\/www.asapitcrew.cz\/wp-content\/uploads\/2025\/03\/icn-unify-operations.png 120w, https:\/\/www.asapitcrew.cz\/wp-content\/uploads\/2025\/03\/icn-unify-operations-12x12.png 12w\" sizes=\"auto, (max-width: 120px) 100vw, 120px\" \/><\/figure>\n<\/div>\n<\/div><\/div>\n<\/div>\n\n\n\n<div class=\"wp-block-group is-horizontal is-content-justification-left is-nowrap is-layout-flex wp-container-core-group-is-layout-5ae7642b wp-block-group-is-layout-flex\" style=\"padding-top:0;padding-bottom:0\">\n<div class=\"wp-block-media-text is-stacked-on-mobile is-vertically-aligned-center\" style=\"padding-top:var(--wp--preset--spacing--x-small);padding-bottom:var(--wp--preset--spacing--x-small);grid-template-columns:25% auto\"><figure class=\"wp-block-media-text__media\"><img loading=\"lazy\" decoding=\"async\" width=\"300\" height=\"185\" src=\"https:\/\/www.asapitcrew.cz\/wp-content\/uploads\/2025\/03\/img-what-we-do-panel-3.png\" alt=\"\" class=\"wp-image-7563 size-full\" srcset=\"https:\/\/www.asapitcrew.cz\/wp-content\/uploads\/2025\/03\/img-what-we-do-panel-3.png 300w, https:\/\/www.asapitcrew.cz\/wp-content\/uploads\/2025\/03\/img-what-we-do-panel-3-18x12.png 18w\" sizes=\"auto, (max-width: 300px) 100vw, 300px\" \/><\/figure><div class=\"wp-block-media-text__content\">\n<div class=\"wp-block-group is-nowrap is-layout-flex wp-container-core-group-is-layout-6c531013 wp-block-group-is-layout-flex\">\n<h2 class=\"wp-block-heading\">Zrychlete v\u00fdvoj a nasazen\u00ed aplikac\u00ed<\/h2>\n<\/div>\n\n\n\n<div class=\"wp-block-group is-nowrap is-layout-flex wp-container-core-group-is-layout-6c531013 wp-block-group-is-layout-flex\">\n<p>Efektivn\u011b poskytujte samoobslu\u017en\u00e9 slu\u017eby a automatizaci pro vytv\u00e1\u0159en\u00ed a provoz virtualizovan\u00fdch i kontejnerizovan\u00fdch aplikac\u00ed a datab\u00e1z\u00ed. Vyu\u017e\u00edvejte souborov\u00e9, blokov\u00e9 a objektov\u00e9 \u00falo\u017ei\u0161t\u011b bez vytv\u00e1\u0159en\u00ed nov\u00fdch datov\u00fdch sil.<\/p>\n\n\n\n<figure class=\"wp-block-image size-full is-resized\"><img loading=\"lazy\" decoding=\"async\" width=\"120\" height=\"120\" src=\"https:\/\/www.asapitcrew.cz\/wp-content\/uploads\/2025\/03\/icn-speed-time-deployments.png\" alt=\"\" class=\"wp-image-7535\" style=\"width:200px\" srcset=\"https:\/\/www.asapitcrew.cz\/wp-content\/uploads\/2025\/03\/icn-speed-time-deployments.png 120w, https:\/\/www.asapitcrew.cz\/wp-content\/uploads\/2025\/03\/icn-speed-time-deployments-12x12.png 12w\" sizes=\"auto, (max-width: 120px) 100vw, 120px\" \/><\/figure>\n<\/div>\n<\/div><\/div>\n<\/div>\n\n\n\n<div class=\"wp-block-group is-horizontal is-content-justification-left is-nowrap is-layout-flex wp-container-core-group-is-layout-5ae7642b wp-block-group-is-layout-flex\" style=\"padding-top:0;padding-bottom:0\">\n<div class=\"wp-block-media-text is-stacked-on-mobile is-vertically-aligned-center\" style=\"padding-top:var(--wp--preset--spacing--x-small);padding-bottom:var(--wp--preset--spacing--x-small);grid-template-columns:25% auto\"><figure class=\"wp-block-media-text__media\"><img loading=\"lazy\" decoding=\"async\" width=\"300\" height=\"185\" src=\"https:\/\/www.asapitcrew.cz\/wp-content\/uploads\/2025\/03\/img-what-we-do-panel-4.png\" alt=\"\" class=\"wp-image-7564 size-full\" srcset=\"https:\/\/www.asapitcrew.cz\/wp-content\/uploads\/2025\/03\/img-what-we-do-panel-4.png 300w, https:\/\/www.asapitcrew.cz\/wp-content\/uploads\/2025\/03\/img-what-we-do-panel-4-18x12.png 18w\" sizes=\"auto, (max-width: 300px) 100vw, 300px\" \/><\/figure><div class=\"wp-block-media-text__content\">\n<div class=\"wp-block-group is-nowrap is-layout-flex wp-container-core-group-is-layout-6c531013 wp-block-group-is-layout-flex\">\n<h2 class=\"wp-block-heading\">Snadno p\u0159esouvejte aplikace a data<\/h2>\n<\/div>\n\n\n\n<div class=\"wp-block-group is-nowrap is-layout-flex wp-container-core-group-is-layout-6c531013 wp-block-group-is-layout-flex\">\n<p>Inteligentn\u011b distribuujte pracovn\u00ed z\u00e1t\u011b\u017e nap\u0159\u00ed\u010d r\u016fzn\u00fdmi prost\u0159ed\u00edmi \u2013 datacentry, ve\u0159ejn\u00fdmi nebo priv\u00e1tn\u00edmi cloudy \u010di edge lokalitami \u2013 bez nutnosti slo\u017eit\u00fdch \u00faprav a refaktorov\u00e1n\u00ed.<\/p>\n\n\n\n<figure class=\"wp-block-image size-full is-resized\"><img loading=\"lazy\" decoding=\"async\" width=\"120\" height=\"120\" src=\"https:\/\/www.asapitcrew.cz\/wp-content\/uploads\/2025\/03\/icn-move-apps.png\" alt=\"\" class=\"wp-image-7582\" style=\"width:200px\" srcset=\"https:\/\/www.asapitcrew.cz\/wp-content\/uploads\/2025\/03\/icn-move-apps.png 120w, https:\/\/www.asapitcrew.cz\/wp-content\/uploads\/2025\/03\/icn-move-apps-12x12.png 12w\" sizes=\"auto, (max-width: 120px) 100vw, 120px\" \/><\/figure>\n<\/div>\n<\/div><\/div>\n<\/div>\n\n\n\n<div class=\"wp-block-group is-horizontal is-content-justification-left is-nowrap is-layout-flex wp-container-core-group-is-layout-5ae7642b wp-block-group-is-layout-flex\" style=\"padding-top:0;padding-bottom:0\">\n<div class=\"wp-block-media-text is-stacked-on-mobile is-vertically-aligned-center\" style=\"padding-top:var(--wp--preset--spacing--x-small);padding-bottom:var(--wp--preset--spacing--x-small);grid-template-columns:25% auto\"><figure class=\"wp-block-media-text__media\"><img loading=\"lazy\" decoding=\"async\" width=\"300\" height=\"185\" src=\"https:\/\/www.asapitcrew.cz\/wp-content\/uploads\/2025\/03\/img-what-we-do-panel-5.png\" alt=\"\" class=\"wp-image-7565 size-full\" srcset=\"https:\/\/www.asapitcrew.cz\/wp-content\/uploads\/2025\/03\/img-what-we-do-panel-5.png 300w, https:\/\/www.asapitcrew.cz\/wp-content\/uploads\/2025\/03\/img-what-we-do-panel-5-18x12.png 18w\" sizes=\"auto, (max-width: 300px) 100vw, 300px\" \/><\/figure><div class=\"wp-block-media-text__content\">\n<div class=\"wp-block-group is-nowrap is-layout-flex wp-container-core-group-is-layout-6c531013 wp-block-group-is-layout-flex\">\n<h2 class=\"wp-block-heading\">Vytv\u00e1\u0159ejte agiln\u011bj\u0161\u00ed a flexibiln\u011bj\u0161\u00ed provoz<\/h2>\n<\/div>\n\n\n\n<div class=\"wp-block-group is-nowrap is-layout-flex wp-container-core-group-is-layout-6c531013 wp-block-group-is-layout-flex\">\n<p>Maximalizujte vyu\u017eit\u00ed zdroj\u016f pomoc\u00ed \u0161k\u00e1lovateln\u00fdch, nep\u0159eru\u0161ovan\u00fdch operac\u00ed a jednoduchosti na jedno kliknut\u00ed. P\u0159enosn\u00e9 licence nav\u00edc usnad\u0148uj\u00ed alokaci zdroj\u016f pro flexibiln\u00ed nasazen\u00ed.<\/p>\n\n\n\n<figure class=\"wp-block-image size-full is-resized\"><img loading=\"lazy\" decoding=\"async\" width=\"121\" height=\"121\" src=\"https:\/\/www.asapitcrew.cz\/wp-content\/uploads\/2025\/03\/icn-cloud-accessibility.png\" alt=\"\" class=\"wp-image-7584\" style=\"width:200px\" srcset=\"https:\/\/www.asapitcrew.cz\/wp-content\/uploads\/2025\/03\/icn-cloud-accessibility.png 121w, https:\/\/www.asapitcrew.cz\/wp-content\/uploads\/2025\/03\/icn-cloud-accessibility-12x12.png 12w\" sizes=\"auto, (max-width: 121px) 100vw, 121px\" \/><\/figure>\n<\/div>\n<\/div><\/div>\n<\/div>\n\n\n\n<div class=\"wp-block-group is-horizontal is-content-justification-left is-nowrap is-layout-flex wp-container-core-group-is-layout-5ae7642b wp-block-group-is-layout-flex\" style=\"padding-top:0;padding-bottom:0\">\n<div class=\"wp-block-media-text is-stacked-on-mobile is-vertically-aligned-center\" style=\"padding-top:var(--wp--preset--spacing--x-small);padding-bottom:var(--wp--preset--spacing--x-small);grid-template-columns:25% auto\"><figure class=\"wp-block-media-text__media\"><img loading=\"lazy\" decoding=\"async\" width=\"300\" height=\"185\" src=\"https:\/\/www.asapitcrew.cz\/wp-content\/uploads\/2025\/03\/img-what-we-do-panel-6.png\" alt=\"\" class=\"wp-image-7566 size-full\" srcset=\"https:\/\/www.asapitcrew.cz\/wp-content\/uploads\/2025\/03\/img-what-we-do-panel-6.png 300w, https:\/\/www.asapitcrew.cz\/wp-content\/uploads\/2025\/03\/img-what-we-do-panel-6-18x12.png 18w\" sizes=\"auto, (max-width: 300px) 100vw, 300px\" \/><\/figure><div class=\"wp-block-media-text__content\">\n<div class=\"wp-block-group is-nowrap is-layout-flex wp-container-core-group-is-layout-6c531013 wp-block-group-is-layout-flex\">\n<h2 class=\"wp-block-heading\">Chra\u0148te se p\u0159ed kybernetick\u00fdmi hrozbami a ztr\u00e1tou dat<\/h2>\n<\/div>\n\n\n\n<div class=\"wp-block-group is-nowrap is-layout-flex wp-container-core-group-is-layout-6c531013 wp-block-group-is-layout-flex\">\n<p>Zajist\u011bte kontinuitu podnik\u00e1n\u00ed a kybernetickou odolnost d\u00edky robustn\u00edmu n\u00e1vrhu, politik\u00e1m, monitorov\u00e1n\u00ed, \u0159\u00edzen\u00ed p\u0159\u00edstupu, ochran\u011b dat, \u0161ifrov\u00e1n\u00ed a samoopravn\u00fdm syst\u00e9m\u016fm.<\/p>\n\n\n\n<figure class=\"wp-block-image size-full is-resized\"><img loading=\"lazy\" decoding=\"async\" width=\"120\" height=\"120\" src=\"https:\/\/www.asapitcrew.cz\/wp-content\/uploads\/2025\/03\/icn-cloud-security.png\" alt=\"\" class=\"wp-image-7585\" style=\"width:200px\" srcset=\"https:\/\/www.asapitcrew.cz\/wp-content\/uploads\/2025\/03\/icn-cloud-security.png 120w, https:\/\/www.asapitcrew.cz\/wp-content\/uploads\/2025\/03\/icn-cloud-security-12x12.png 12w\" sizes=\"auto, (max-width: 120px) 100vw, 120px\" \/><\/figure>\n<\/div>\n<\/div><\/div>\n<\/div>\n\n\n\n<figure class=\"wp-block-embed is-type-video is-provider-youtube wp-block-embed-youtube wp-embed-aspect-16-9 wp-has-aspect-ratio\"><div class=\"wp-block-embed__wrapper\">\n<iframe loading=\"lazy\" title=\"How It Works | Nutanix\" width=\"950\" height=\"534\" src=\"https:\/\/www.youtube.com\/embed\/iTRrB8ck0fM?feature=oembed\" frameborder=\"0\" allow=\"accelerometer; autoplay; clipboard-write; encrypted-media; gyroscope; picture-in-picture; web-share\" referrerpolicy=\"strict-origin-when-cross-origin\" allowfullscreen><\/iframe>\n<\/div><\/figure>","protected":false},"excerpt":{"rendered":"<p>Nutanix poskytuje ide\u00e1ln\u00ed platformu pro va\u0161i firmu www.nutanix.com Modernizujte sv\u00e9 datacentrum Vytvo\u0159te modern\u00ed platformu s hyperkonvergovan\u00fdm v\u00fdpo\u010detn\u00edm v\u00fdkonem, \u00falo\u017ei\u0161t\u011bm, virtualizac\u00ed a s\u00edt\u00ed v j\u00e1dru. Zjednodu\u0161ujeme zp\u016fsob, jak\u00fdm nakupujete, nasazujete a spravujete IT slu\u017eby. Sjedno\u0165te operace na jedn\u00e9 platform\u011b Na\u0161e softwarov\u011b definovan\u00e1 infrastruktura sjednocuje aplikace a data na jedn\u00e9 platform\u011b, co\u017e v\u00e1m umo\u017e\u0148uje spravovat celou infrastrukturu &hellip; <\/p>\n<p class=\"link-more\"><a href=\"https:\/\/www.asapitcrew.cz\/en\/hyperkonvergovana-infrastruktura\/\" class=\"more-link\">Read more<span class=\"screen-reader-text\"> &#8222;Hyperkonvergovan\u00e1 infrastruktura&#8220;<\/span><\/a><\/p>","protected":false},"author":1,"featured_media":7074,"parent":0,"menu_order":0,"comment_status":"closed","ping_status":"closed","template":"page-templates\/no-title.php","meta":{"footnotes":""},"class_list":["post-7526","page","type-page","status-publish","has-post-thumbnail","hentry"],"_links":{"self":[{"href":"https:\/\/www.asapitcrew.cz\/en\/wp-json\/wp\/v2\/pages\/7526","targetHints":{"allow":["GET"]}}],"collection":[{"href":"https:\/\/www.asapitcrew.cz\/en\/wp-json\/wp\/v2\/pages"}],"about":[{"href":"https:\/\/www.asapitcrew.cz\/en\/wp-json\/wp\/v2\/types\/page"}],"author":[{"embeddable":true,"href":"https:\/\/www.asapitcrew.cz\/en\/wp-json\/wp\/v2\/users\/1"}],"replies":[{"embeddable":true,"href":"https:\/\/www.asapitcrew.cz\/en\/wp-json\/wp\/v2\/comments?post=7526"}],"version-history":[{"count":52,"href":"https:\/\/www.asapitcrew.cz\/en\/wp-json\/wp\/v2\/pages\/7526\/revisions"}],"predecessor-version":[{"id":7696,"href":"https:\/\/www.asapitcrew.cz\/en\/wp-json\/wp\/v2\/pages\/7526\/revisions\/7696"}],"wp:featuredmedia":[{"embeddable":true,"href":"https:\/\/www.asapitcrew.cz\/en\/wp-json\/wp\/v2\/media\/7074"}],"wp:attachment":[{"href":"https:\/\/www.asapitcrew.cz\/en\/wp-json\/wp\/v2\/media?parent=7526"}],"curies":[{"name":"wp","href":"https:\/\/api.w.org\/{rel}","templated":true}]}}