{"id":7357,"date":"2025-01-20T08:28:04","date_gmt":"2025-01-20T08:28:04","guid":{"rendered":"https:\/\/sites.asapitcrew.cz\/asap\/?page_id=7357"},"modified":"2025-04-01T08:46:49","modified_gmt":"2025-04-01T07:46:49","slug":"bezpecne-sdileni-souboru","status":"publish","type":"page","link":"https:\/\/www.asapitcrew.cz\/en\/bezpecne-sdileni-souboru\/","title":{"rendered":"Secure File Sharing"},"content":{"rendered":"<div class=\"wp-block-cover alignfull is-light\"><span aria-hidden=\"true\" class=\"wp-block-cover__background has-background-dim-0 has-background-dim\" style=\"background-color:#FFF\"><\/span><video class=\"wp-block-cover__video-background intrinsic-ignore\" autoplay muted loop playsinline src=\"http:\/\/sites.asapitcrew.cz\/asap\/wp-content\/uploads\/2025\/01\/3129957-Uhd-3840-2160-25Fps-1.mp4\" data-object-fit=\"cover\"><\/video><div class=\"wp-block-cover__inner-container has-global-padding is-layout-constrained wp-block-cover-is-layout-constrained\">\n<figure class=\"wp-block-image aligncenter size-full\"><img loading=\"lazy\" decoding=\"async\" width=\"460\" height=\"111\" src=\"https:\/\/sites.asapitcrew.cz\/asap\/wp-content\/uploads\/2025\/01\/filecloud-logo-460x111-2.png\" alt=\"\" class=\"wp-image-7385\" srcset=\"https:\/\/www.asapitcrew.cz\/wp-content\/uploads\/2025\/01\/filecloud-logo-460x111-2.png 460w, https:\/\/www.asapitcrew.cz\/wp-content\/uploads\/2025\/01\/filecloud-logo-460x111-2-300x72.png 300w, https:\/\/www.asapitcrew.cz\/wp-content\/uploads\/2025\/01\/filecloud-logo-460x111-2-18x4.png 18w\" sizes=\"auto, (max-width: 460px) 100vw, 460px\" \/><\/figure>\n<\/div><\/div>\n\n\n\n<h2 class=\"wp-block-heading has-text-align-center\">Enterprise File Storage<br>and Collaboration<\/h2>\n\n\n\n<p class=\"has-text-align-center has-medium-font-size\"><a href=\"https:\/\/www.filecloud.com\"><strong>www.filecloud.com<\/strong><\/a><\/p>\n\n\n\n<div class=\"wp-block-columns is-layout-flex wp-container-core-columns-is-layout-28f84493 wp-block-columns-is-layout-flex\">\n<div class=\"wp-block-column is-layout-flow wp-block-column-is-layout-flow\">\n<figure class=\"wp-block-image aligncenter size-full\"><img loading=\"lazy\" decoding=\"async\" width=\"114\" height=\"113\" src=\"http:\/\/sites.asapitcrew.cz\/asap\/wp-content\/uploads\/2025\/01\/icon-masthead-sharing.svg_-1.png\" alt=\"\" class=\"wp-image-7363\" srcset=\"https:\/\/www.asapitcrew.cz\/wp-content\/uploads\/2025\/01\/icon-masthead-sharing.svg_-1.png 114w, https:\/\/www.asapitcrew.cz\/wp-content\/uploads\/2025\/01\/icon-masthead-sharing.svg_-1-12x12.png 12w\" sizes=\"auto, (max-width: 114px) 100vw, 114px\" \/><\/figure>\n\n\n\n<p class=\"has-text-align-center\">File Sharing, Sync, Backup,<br>and Remote Access<\/p>\n<\/div>\n\n\n\n<div class=\"wp-block-column is-layout-flow wp-block-column-is-layout-flow\">\n<figure class=\"wp-block-image aligncenter size-full\"><img loading=\"lazy\" decoding=\"async\" width=\"115\" height=\"110\" src=\"https:\/\/sites.asapitcrew.cz\/asap\/wp-content\/uploads\/2025\/01\/icon-masthead-compliance.svg_.png\" alt=\"\" class=\"wp-image-7365\" srcset=\"https:\/\/www.asapitcrew.cz\/wp-content\/uploads\/2025\/01\/icon-masthead-compliance.svg_.png 115w, https:\/\/www.asapitcrew.cz\/wp-content\/uploads\/2025\/01\/icon-masthead-compliance.svg_-13x12.png 13w\" sizes=\"auto, (max-width: 115px) 100vw, 115px\" \/><\/figure>\n\n\n\n<p class=\"has-text-align-center\">Compliance, Lifecycle,\nand AI Classification\nOut-of-the-Box<\/p>\n<\/div>\n\n\n\n<div class=\"wp-block-column is-layout-flow wp-block-column-is-layout-flow\">\n<figure class=\"wp-block-image aligncenter size-full\"><img loading=\"lazy\" decoding=\"async\" width=\"110\" height=\"108\" src=\"https:\/\/sites.asapitcrew.cz\/asap\/wp-content\/uploads\/2025\/01\/icon-masthead-workflow.svg_.png\" alt=\"\" class=\"wp-image-7366\" srcset=\"https:\/\/www.asapitcrew.cz\/wp-content\/uploads\/2025\/01\/icon-masthead-workflow.svg_.png 110w, https:\/\/www.asapitcrew.cz\/wp-content\/uploads\/2025\/01\/icon-masthead-workflow.svg_-12x12.png 12w\" sizes=\"auto, (max-width: 110px) 100vw, 110px\" \/><\/figure>\n\n\n\n<p class=\"has-text-align-center\">Workflow, DRM, DLP<br>and Virtual Data Room Built-in<\/p>\n<\/div>\n\n\n\n<div class=\"wp-block-column is-layout-flow wp-block-column-is-layout-flow\">\n<figure class=\"wp-block-image aligncenter size-full\"><img loading=\"lazy\" decoding=\"async\" width=\"114\" height=\"110\" src=\"https:\/\/sites.asapitcrew.cz\/asap\/wp-content\/uploads\/2025\/01\/icon-masthead-cloud.svg_.png\" alt=\"\" class=\"wp-image-7367\" srcset=\"https:\/\/www.asapitcrew.cz\/wp-content\/uploads\/2025\/01\/icon-masthead-cloud.svg_.png 114w, https:\/\/www.asapitcrew.cz\/wp-content\/uploads\/2025\/01\/icon-masthead-cloud.svg_-12x12.png 12w\" sizes=\"auto, (max-width: 114px) 100vw, 114px\" \/><\/figure>\n\n\n\n<p class=\"has-text-align-center\">Regional Hosting with\nYour\/Our Infrastructure<\/p>\n<\/div>\n<\/div>\n\n\n\n<div class=\"wp-block-media-text has-media-on-the-right is-stacked-on-mobile\" style=\"grid-template-columns:auto 23%\"><div class=\"wp-block-media-text__content\">\n<p>A file repository for your business providing team folders, sync, secure sharing, and collaboration.<\/p>\n\n\n\n<p>Share large files externally with clients and vendors.<\/p>\n<\/div><figure class=\"wp-block-media-text__media\"><img loading=\"lazy\" decoding=\"async\" width=\"396\" height=\"321\" src=\"https:\/\/sites.asapitcrew.cz\/asap\/wp-content\/uploads\/2025\/01\/graphic-folders.svg_.png\" alt=\"\" class=\"wp-image-7374 size-full\" srcset=\"https:\/\/www.asapitcrew.cz\/wp-content\/uploads\/2025\/01\/graphic-folders.svg_.png 396w, https:\/\/www.asapitcrew.cz\/wp-content\/uploads\/2025\/01\/graphic-folders.svg_-300x243.png 300w, https:\/\/www.asapitcrew.cz\/wp-content\/uploads\/2025\/01\/graphic-folders.svg_-15x12.png 15w\" sizes=\"auto, (max-width: 396px) 100vw, 396px\" \/><\/figure><\/div>\n\n\n\n<figure class=\"wp-block-image aligncenter size-full\"><img loading=\"lazy\" decoding=\"async\" width=\"501\" height=\"75\" src=\"https:\/\/sites.asapitcrew.cz\/asap\/wp-content\/uploads\/2025\/01\/icons-compliance-1.png\" alt=\"\" class=\"wp-image-7376\" srcset=\"https:\/\/www.asapitcrew.cz\/wp-content\/uploads\/2025\/01\/icons-compliance-1.png 501w, https:\/\/www.asapitcrew.cz\/wp-content\/uploads\/2025\/01\/icons-compliance-1-300x45.png 300w, https:\/\/www.asapitcrew.cz\/wp-content\/uploads\/2025\/01\/icons-compliance-1-18x3.png 18w\" sizes=\"auto, (max-width: 501px) 100vw, 501px\" \/><\/figure>\n\n\n\n<figure class=\"wp-block-image aligncenter size-large\"><img loading=\"lazy\" decoding=\"async\" width=\"1024\" height=\"526\" src=\"https:\/\/sites.asapitcrew.cz\/asap\/wp-content\/uploads\/2025\/01\/GemRL7YWMAAAfSI-1024x526.jpg\" alt=\"\" class=\"wp-image-7372\" srcset=\"https:\/\/www.asapitcrew.cz\/wp-content\/uploads\/2025\/01\/GemRL7YWMAAAfSI-1024x526.jpg 1024w, https:\/\/www.asapitcrew.cz\/wp-content\/uploads\/2025\/01\/GemRL7YWMAAAfSI-300x154.jpg 300w, https:\/\/www.asapitcrew.cz\/wp-content\/uploads\/2025\/01\/GemRL7YWMAAAfSI-2000x1028.jpg 2000w, https:\/\/www.asapitcrew.cz\/wp-content\/uploads\/2025\/01\/GemRL7YWMAAAfSI-18x9.jpg 18w\" sizes=\"auto, (max-width: 1024px) 100vw, 1024px\" \/><\/figure>","protected":false},"excerpt":{"rendered":"<p>Podnikov\u00e9 \u00falo\u017ei\u0161t\u011b soubor\u016fa spolupr\u00e1ce www.filecloud.com Sd\u00edlen\u00ed soubor\u016f, synchronizace, z\u00e1lohov\u00e1n\u00eda vzd\u00e1len\u00fd p\u0159\u00edstup Shoda s p\u0159edpisy, spr\u00e1va \u017eivotn\u00edho cyklu a AI klasifikace ihned po instalaci Workflow, DRM, DLPa virtu\u00e1ln\u00ed datov\u00e1 m\u00edstnost integrovan\u00e9 p\u0159\u00edmo v syst\u00e9mu Region\u00e1ln\u00ed hosting s va\u0161\u00ed\/na\u0161\u00ed infrastrukturou \u00dalo\u017ei\u0161t\u011b soubor\u016f pro va\u0161i firmu poskytuj\u00edc\u00ed t\u00fdmov\u00e9 slo\u017eky, synchronizaci, bezpe\u010dn\u00e9 sd\u00edlen\u00ed a spolupr\u00e1ci. Sd\u00edlejte velk\u00e9 soubory extern\u011b &hellip; <\/p>\n<p class=\"link-more\"><a href=\"https:\/\/www.asapitcrew.cz\/en\/bezpecne-sdileni-souboru\/\" class=\"more-link\">Read more<span class=\"screen-reader-text\"> &#8222;Bezpe\u010dn\u00e9 sd\u00edlen\u00ed soubor\u016f&#8220;<\/span><\/a><\/p>","protected":false},"author":1,"featured_media":7074,"parent":0,"menu_order":0,"comment_status":"closed","ping_status":"closed","template":"page-templates\/no-title.php","meta":{"footnotes":""},"class_list":["post-7357","page","type-page","status-publish","has-post-thumbnail","hentry"],"_links":{"self":[{"href":"https:\/\/www.asapitcrew.cz\/en\/wp-json\/wp\/v2\/pages\/7357","targetHints":{"allow":["GET"]}}],"collection":[{"href":"https:\/\/www.asapitcrew.cz\/en\/wp-json\/wp\/v2\/pages"}],"about":[{"href":"https:\/\/www.asapitcrew.cz\/en\/wp-json\/wp\/v2\/types\/page"}],"author":[{"embeddable":true,"href":"https:\/\/www.asapitcrew.cz\/en\/wp-json\/wp\/v2\/users\/1"}],"replies":[{"embeddable":true,"href":"https:\/\/www.asapitcrew.cz\/en\/wp-json\/wp\/v2\/comments?post=7357"}],"version-history":[{"count":14,"href":"https:\/\/www.asapitcrew.cz\/en\/wp-json\/wp\/v2\/pages\/7357\/revisions"}],"predecessor-version":[{"id":7700,"href":"https:\/\/www.asapitcrew.cz\/en\/wp-json\/wp\/v2\/pages\/7357\/revisions\/7700"}],"wp:featuredmedia":[{"embeddable":true,"href":"https:\/\/www.asapitcrew.cz\/en\/wp-json\/wp\/v2\/media\/7074"}],"wp:attachment":[{"href":"https:\/\/www.asapitcrew.cz\/en\/wp-json\/wp\/v2\/media?parent=7357"}],"curies":[{"name":"wp","href":"https:\/\/api.w.org\/{rel}","templated":true}]}}