{"id":7324,"date":"2025-01-17T12:32:27","date_gmt":"2025-01-17T12:32:27","guid":{"rendered":"https:\/\/sites.asapitcrew.cz\/asap\/?page_id=7324"},"modified":"2025-04-01T08:45:47","modified_gmt":"2025-04-01T07:45:47","slug":"komunikacni-reseni","status":"publish","type":"page","link":"https:\/\/www.asapitcrew.cz\/en\/komunikacni-reseni\/","title":{"rendered":"Communication Solutions"},"content":{"rendered":"<div class=\"wp-block-cover alignfull is-light\"><span aria-hidden=\"true\" class=\"wp-block-cover__background has-background-dim-0 has-background-dim\" style=\"background-color:#FFF\"><\/span><video class=\"wp-block-cover__video-background intrinsic-ignore\" autoplay muted loop playsinline src=\"http:\/\/sites.asapitcrew.cz\/asap\/wp-content\/uploads\/2025\/01\/3129957-Uhd-3840-2160-25Fps-1.mp4\" data-object-fit=\"cover\"><\/video><div class=\"wp-block-cover__inner-container has-global-padding is-layout-constrained wp-block-cover-is-layout-constrained\">\n<figure class=\"wp-block-image aligncenter size-large is-resized\"><img loading=\"lazy\" decoding=\"async\" width=\"1024\" height=\"373\" src=\"https:\/\/sites.asapitcrew.cz\/asap\/wp-content\/uploads\/2025\/01\/3CX_logo.svg_-1-1024x373.png\" alt=\"\" class=\"wp-image-7389\" style=\"width:404px;height:auto\" srcset=\"https:\/\/www.asapitcrew.cz\/wp-content\/uploads\/2025\/01\/3CX_logo.svg_-1-1024x373.png 1024w, https:\/\/www.asapitcrew.cz\/wp-content\/uploads\/2025\/01\/3CX_logo.svg_-1-300x109.png 300w, https:\/\/www.asapitcrew.cz\/wp-content\/uploads\/2025\/01\/3CX_logo.svg_-1-2000x729.png 2000w, https:\/\/www.asapitcrew.cz\/wp-content\/uploads\/2025\/01\/3CX_logo.svg_-1-18x7.png 18w\" sizes=\"auto, (max-width: 1024px) 100vw, 1024px\" \/><\/figure>\n<\/div><\/div>\n\n\n\n<h2 class=\"wp-block-heading has-text-align-center has-large-font-size\">A flexible phone system for efficient communication in businesses.<\/h2>\n\n\n\n<p class=\"has-text-align-center has-medium-font-size\"><a href=\"https:\/\/www.3cx.com\"><strong>www.3cx.com<\/strong><\/a><\/p>\n\n\n\n<div class=\"wp-block-columns is-layout-flex wp-container-core-columns-is-layout-28f84493 wp-block-columns-is-layout-flex\">\n<div class=\"wp-block-column is-layout-flow wp-block-column-is-layout-flow\">\n<h2 class=\"wp-block-heading has-text-align-center\"><strong>#1 Enterprise phone system \u2013 hosted or self-hosted<\/strong><\/h2>\n\n\n\n<p class=\"has-text-align-center\">3CX is an enterprise phone system that is hosted in the cloud or self-managed, giving you control over your own trunks and numbers. It is a complete communications platform that eliminates the costs and management headaches of running multiple systems.<\/p>\n<\/div>\n\n\n\n<div class=\"wp-block-column is-layout-flow wp-block-column-is-layout-flow\">\n<h2 class=\"wp-block-heading has-text-align-center\"><strong>Remote work with 3CX apps<\/strong><\/h2>\n\n\n\n<p>3CX is designed for mobility, with remote work apps that offer secure communication for the whole team. With iOS and Android apps, business communication is no longer tied to office spaces, and you don't need to share your personal information.<\/p>\n\n\n\n<p class=\"has-text-align-center\">Take your extension anywhere and work on the go. Reply to business SMS, Facebook and website messages, make and receive calls, chat with colleagues, start a video call instantly, and ensure customer satisfaction even when working remotely. With 3CX, your remote teams will maintain productivity and stay connected with colleagues and customers at all times.<\/p>\n<\/div>\n\n\n\n<div class=\"wp-block-column is-layout-flow wp-block-column-is-layout-flow\">\n<h2 class=\"wp-block-heading has-text-align-center\">Save on your call center<\/h2>\n\n\n\n<p class=\"has-text-align-center\">Call center solutions don\u2019t have to be expensive. User-based licensing and add-ons can quickly increase telecom costs. Not anymore. 3CX includes a complete set of call center features: call reporting, queue management \u2013 for individuals or groups \u2013 CRM integration, live chat on the website, and more.<\/p>\n<\/div>\n<\/div>\n\n\n\n<figure class=\"wp-block-image aligncenter size-full is-resized\"><img loading=\"lazy\" decoding=\"async\" width=\"600\" height=\"346\" src=\"https:\/\/sites.asapitcrew.cz\/asap\/wp-content\/uploads\/2025\/01\/3CX-Small-Business-Solution-Call-Center-600x346-1.png\" alt=\"\" class=\"wp-image-7331\" style=\"width:635px;height:auto\" srcset=\"https:\/\/www.asapitcrew.cz\/wp-content\/uploads\/2025\/01\/3CX-Small-Business-Solution-Call-Center-600x346-1.png 600w, https:\/\/www.asapitcrew.cz\/wp-content\/uploads\/2025\/01\/3CX-Small-Business-Solution-Call-Center-600x346-1-300x173.png 300w, https:\/\/www.asapitcrew.cz\/wp-content\/uploads\/2025\/01\/3CX-Small-Business-Solution-Call-Center-600x346-1-18x10.png 18w\" sizes=\"auto, (max-width: 600px) 100vw, 600px\" \/><\/figure>\n\n\n\n<p><\/p>","protected":false},"excerpt":{"rendered":"<p>Flexibiln\u00ed telefonn\u00ed syst\u00e9m pro efektivn\u00ed komunikaci ve firm\u00e1ch www.3cx.com #1 podnikov\u00fd telefonn\u00ed syst\u00e9m &#8211; hostovan\u00fd nebo na vlastn\u00edm serveru 3CX je podnikov\u00fd telefonn\u00ed syst\u00e9m, kter\u00fd je hostov\u00e1n v cloudu nebo spravov\u00e1n u\u017eivatelem, a umo\u017e\u0148uje v\u00e1m m\u00edt kontrolu nad vlastn\u00edmi trunky a \u010d\u00edsly. Jedn\u00e1 se o kompletn\u00ed komunika\u010dn\u00ed platformu, kter\u00e1 eliminuje n\u00e1klady a probl\u00e9my spojen\u00e9 s &hellip; <\/p>\n<p class=\"link-more\"><a href=\"https:\/\/www.asapitcrew.cz\/en\/komunikacni-reseni\/\" class=\"more-link\">Read more<span class=\"screen-reader-text\"> &#8222;Komunika\u010dn\u00ed \u0159e\u0161en\u00ed&#8220;<\/span><\/a><\/p>","protected":false},"author":1,"featured_media":7074,"parent":0,"menu_order":0,"comment_status":"closed","ping_status":"closed","template":"page-templates\/no-title.php","meta":{"footnotes":""},"class_list":["post-7324","page","type-page","status-publish","has-post-thumbnail","hentry"],"_links":{"self":[{"href":"https:\/\/www.asapitcrew.cz\/en\/wp-json\/wp\/v2\/pages\/7324","targetHints":{"allow":["GET"]}}],"collection":[{"href":"https:\/\/www.asapitcrew.cz\/en\/wp-json\/wp\/v2\/pages"}],"about":[{"href":"https:\/\/www.asapitcrew.cz\/en\/wp-json\/wp\/v2\/types\/page"}],"author":[{"embeddable":true,"href":"https:\/\/www.asapitcrew.cz\/en\/wp-json\/wp\/v2\/users\/1"}],"replies":[{"embeddable":true,"href":"https:\/\/www.asapitcrew.cz\/en\/wp-json\/wp\/v2\/comments?post=7324"}],"version-history":[{"count":11,"href":"https:\/\/www.asapitcrew.cz\/en\/wp-json\/wp\/v2\/pages\/7324\/revisions"}],"predecessor-version":[{"id":7699,"href":"https:\/\/www.asapitcrew.cz\/en\/wp-json\/wp\/v2\/pages\/7324\/revisions\/7699"}],"wp:featuredmedia":[{"embeddable":true,"href":"https:\/\/www.asapitcrew.cz\/en\/wp-json\/wp\/v2\/media\/7074"}],"wp:attachment":[{"href":"https:\/\/www.asapitcrew.cz\/en\/wp-json\/wp\/v2\/media?parent=7324"}],"curies":[{"name":"wp","href":"https:\/\/api.w.org\/{rel}","templated":true}]}}