{"id":7269,"date":"2025-01-17T08:44:02","date_gmt":"2025-01-17T08:44:02","guid":{"rendered":"https:\/\/sites.asapitcrew.cz\/asap\/?page_id=7269"},"modified":"2025-04-01T08:10:08","modified_gmt":"2025-04-01T07:10:08","slug":"digital-workspace","status":"publish","type":"page","link":"https:\/\/www.asapitcrew.cz\/en\/digital-workspace\/","title":{"rendered":"Digital Worskpace"},"content":{"rendered":"<div class=\"wp-block-cover alignfull is-light\"><span aria-hidden=\"true\" class=\"wp-block-cover__background has-background-dim-0 has-background-dim\" style=\"background-color:#FFF\"><\/span><video class=\"wp-block-cover__video-background intrinsic-ignore\" autoplay muted loop playsinline src=\"http:\/\/sites.asapitcrew.cz\/asap\/wp-content\/uploads\/2025\/01\/3129957-Uhd-3840-2160-25Fps-1.mp4\" data-object-fit=\"cover\"><\/video><div class=\"wp-block-cover__inner-container has-global-padding is-layout-constrained wp-block-cover-is-layout-constrained\">\n<figure class=\"wp-block-image aligncenter size-full is-resized\"><img loading=\"lazy\" decoding=\"async\" width=\"900\" height=\"339\" src=\"https:\/\/sites.asapitcrew.cz\/asap\/wp-content\/uploads\/2025\/01\/citrix-logo-black.png\" alt=\"\" class=\"wp-image-7392\" style=\"width:427px;height:auto\" srcset=\"https:\/\/www.asapitcrew.cz\/wp-content\/uploads\/2025\/01\/citrix-logo-black.png 900w, https:\/\/www.asapitcrew.cz\/wp-content\/uploads\/2025\/01\/citrix-logo-black-300x113.png 300w, https:\/\/www.asapitcrew.cz\/wp-content\/uploads\/2025\/01\/citrix-logo-black-18x7.png 18w\" sizes=\"auto, (max-width: 900px) 100vw, 900px\" \/><\/figure>\n<\/div><\/div>\n\n\n\n<h2 class=\"wp-block-heading has-text-align-center\">Discover the Intelligent Citrix Workspace Environment<\/h2>\n\n\n\n<p class=\"has-text-align-center has-medium-font-size\"><a href=\"https:\/\/www.citrix.com\"><strong>www.citrix.com<\/strong><\/a><\/p>\n\n\n\n<div class=\"wp-block-columns is-layout-flex wp-container-core-columns-is-layout-28f84493 wp-block-columns-is-layout-flex\">\n<div class=\"wp-block-column is-layout-flow wp-block-column-is-layout-flow\">\n<h2 class=\"wp-block-heading has-text-align-center\">IT Solutions for Healthcare<\/h2>\n\n\n\n<p class=\"has-text-align-center\">With over 4,300 healthcare customers worldwide, Citrix has been a leader in delivering secure, scalable, and resilient solutions to healthcare clients for more than three decades.<\/p>\n<\/div>\n\n\n\n<div class=\"wp-block-column is-layout-flow wp-block-column-is-layout-flow\">\n<h2 class=\"wp-block-heading has-text-align-center\">IT Solutions for Financial Services<\/h2>\n\n\n\n<p class=\"has-text-align-center\">With the Citrix platform, financial institutions, including banks, brokerage firms, investment companies, and insurance providers, can offer employees and customers instant and secure access to applications and data on any device.<br><br><br><br><\/p>\n<\/div>\n\n\n\n<div class=\"wp-block-column is-layout-flow wp-block-column-is-layout-flow\">\n<h2 class=\"wp-block-heading has-text-align-center\">IT Solutions for Public Administration<\/h2>\n\n\n\n<p class=\"has-text-align-center\">Citrix solutions for public administration enable you to manage and optimize Citrix workloads through a cloud-based management portal, whether they are running on a government-compliant cloud or in your on-premises environment.<br><br><br><br><\/p>\n\n\n\n<p><\/p>\n<\/div>\n<\/div>\n\n\n\n<div class=\"wp-block-media-text is-stacked-on-mobile\" style=\"grid-template-columns:29% auto\"><figure class=\"wp-block-media-text__media\"><img loading=\"lazy\" decoding=\"async\" width=\"506\" height=\"506\" src=\"http:\/\/sites.asapitcrew.cz\/asap\/wp-content\/uploads\/2025\/01\/Cintrix1.png\" alt=\"\" class=\"wp-image-7279 size-full\" srcset=\"https:\/\/www.asapitcrew.cz\/wp-content\/uploads\/2025\/01\/Cintrix1.png 506w, https:\/\/www.asapitcrew.cz\/wp-content\/uploads\/2025\/01\/Cintrix1-300x300.png 300w, https:\/\/www.asapitcrew.cz\/wp-content\/uploads\/2025\/01\/Cintrix1-150x150.png 150w, https:\/\/www.asapitcrew.cz\/wp-content\/uploads\/2025\/01\/Cintrix1-12x12.png 12w\" sizes=\"auto, (max-width: 506px) 100vw, 506px\" \/><\/figure><div class=\"wp-block-media-text__content\">\n<h2 class=\"wp-block-heading has-text-align-center\">Centralize the management of applications and desktops<\/h2>\n\n\n\n<p class=\"has-text-align-center\">Support distributed workforces by centralizing the management of applications for any device.<br><br><br><br><\/p>\n<\/div><\/div>\n\n\n\n<div class=\"wp-block-media-text has-media-on-the-right is-stacked-on-mobile\" style=\"grid-template-columns:auto 29%\"><div class=\"wp-block-media-text__content\">\n<h2 class=\"wp-block-heading has-text-align-center\">Deliver mission-critical applications<\/h2>\n\n\n\n<p class=\"has-text-align-center\">Adapt access based on device posture and risk factors, without compromising user experience.<br><br><br><br><\/p>\n<\/div><figure class=\"wp-block-media-text__media\"><img loading=\"lazy\" decoding=\"async\" width=\"506\" height=\"506\" src=\"https:\/\/sites.asapitcrew.cz\/asap\/wp-content\/uploads\/2025\/01\/Citrix2.png\" alt=\"\" class=\"wp-image-7282 size-full\" srcset=\"https:\/\/www.asapitcrew.cz\/wp-content\/uploads\/2025\/01\/Citrix2.png 506w, https:\/\/www.asapitcrew.cz\/wp-content\/uploads\/2025\/01\/Citrix2-300x300.png 300w, https:\/\/www.asapitcrew.cz\/wp-content\/uploads\/2025\/01\/Citrix2-150x150.png 150w, https:\/\/www.asapitcrew.cz\/wp-content\/uploads\/2025\/01\/Citrix2-12x12.png 12w\" sizes=\"auto, (max-width: 506px) 100vw, 506px\" \/><\/figure><\/div>\n\n\n\n<div class=\"wp-block-media-text is-stacked-on-mobile\" style=\"grid-template-columns:29% auto\"><figure class=\"wp-block-media-text__media\"><img loading=\"lazy\" decoding=\"async\" width=\"506\" height=\"506\" src=\"https:\/\/sites.asapitcrew.cz\/asap\/wp-content\/uploads\/2025\/01\/Citrix3.png\" alt=\"\" class=\"wp-image-7284 size-full\" srcset=\"https:\/\/www.asapitcrew.cz\/wp-content\/uploads\/2025\/01\/Citrix3.png 506w, https:\/\/www.asapitcrew.cz\/wp-content\/uploads\/2025\/01\/Citrix3-300x300.png 300w, https:\/\/www.asapitcrew.cz\/wp-content\/uploads\/2025\/01\/Citrix3-150x150.png 150w, https:\/\/www.asapitcrew.cz\/wp-content\/uploads\/2025\/01\/Citrix3-12x12.png 12w\" sizes=\"auto, (max-width: 506px) 100vw, 506px\" \/><\/figure><div class=\"wp-block-media-text__content\">\n<h2 class=\"wp-block-heading has-text-align-center\">Protect sensitive business information<\/h2>\n\n\n\n<p class=\"has-text-align-center\">Seamlessly extend your existing Citrix and NetScaler infrastructure to provide zero trust access to SaaS and web applications.<\/p>\n<\/div><\/div>\n\n\n\n<div class=\"wp-block-media-text has-media-on-the-right is-stacked-on-mobile\" style=\"grid-template-columns:auto 28%\"><div class=\"wp-block-media-text__content\">\n<h2 class=\"wp-block-heading has-text-align-center\">Support sustainability in enterprise IT<\/h2>\n\n\n\n<p class=\"has-text-align-center\">Reduce e-waste and CO2 emissions with Citrix hybrid multi-cloud solutions.<\/p>\n<\/div><figure class=\"wp-block-media-text__media\"><img loading=\"lazy\" decoding=\"async\" width=\"506\" height=\"506\" src=\"https:\/\/sites.asapitcrew.cz\/asap\/wp-content\/uploads\/2025\/01\/Citrix4.png\" alt=\"\" class=\"wp-image-7286 size-full\" srcset=\"https:\/\/www.asapitcrew.cz\/wp-content\/uploads\/2025\/01\/Citrix4.png 506w, https:\/\/www.asapitcrew.cz\/wp-content\/uploads\/2025\/01\/Citrix4-300x300.png 300w, https:\/\/www.asapitcrew.cz\/wp-content\/uploads\/2025\/01\/Citrix4-150x150.png 150w, https:\/\/www.asapitcrew.cz\/wp-content\/uploads\/2025\/01\/Citrix4-12x12.png 12w\" sizes=\"auto, (max-width: 506px) 100vw, 506px\" \/><\/figure><\/div>\n\n\n\n<div class=\"wp-block-media-text is-stacked-on-mobile\" style=\"grid-template-columns:29% auto\"><figure class=\"wp-block-media-text__media\"><img loading=\"lazy\" decoding=\"async\" width=\"507\" height=\"507\" src=\"https:\/\/sites.asapitcrew.cz\/asap\/wp-content\/uploads\/2025\/01\/Citrix5.png\" alt=\"\" class=\"wp-image-7288 size-full\" srcset=\"https:\/\/www.asapitcrew.cz\/wp-content\/uploads\/2025\/01\/Citrix5.png 507w, https:\/\/www.asapitcrew.cz\/wp-content\/uploads\/2025\/01\/Citrix5-300x300.png 300w, https:\/\/www.asapitcrew.cz\/wp-content\/uploads\/2025\/01\/Citrix5-150x150.png 150w, https:\/\/www.asapitcrew.cz\/wp-content\/uploads\/2025\/01\/Citrix5-12x12.png 12w\" sizes=\"auto, (max-width: 507px) 100vw, 507px\" \/><\/figure><div class=\"wp-block-media-text__content\">\n<h2 class=\"wp-block-heading has-text-align-center\">Manage employee onboarding and offboarding<\/h2>\n\n\n\n<p class=\"has-text-align-center\">Rapidly deploy IT resources, grant and revoke access to employees as needed.<\/p>\n<\/div><\/div>\n\n\n\n<figure class=\"wp-block-embed is-type-video is-provider-youtube wp-block-embed-youtube wp-embed-aspect-16-9 wp-has-aspect-ratio\"><div class=\"wp-block-embed__wrapper\">\n<iframe loading=\"lazy\" title=\"Citrix Workspace: the ONE complete digital workspace solution\" width=\"950\" height=\"534\" src=\"https:\/\/www.youtube.com\/embed\/UwrdvNXZ7p8?feature=oembed\" frameborder=\"0\" allow=\"accelerometer; autoplay; clipboard-write; encrypted-media; gyroscope; picture-in-picture; web-share\" referrerpolicy=\"strict-origin-when-cross-origin\" allowfullscreen><\/iframe>\n<\/div><\/figure>\n\n\n\n<p><\/p>","protected":false},"excerpt":{"rendered":"<p>Objevte inteligentn\u00ed prost\u0159ed\u00ed Citrix Workspace www.citrix.com IT \u0159e\u0161en\u00ed pro zdravotnictv\u00ed S v\u00edce ne\u017e 4 300 z\u00e1kazn\u00edky ve zdravotnictv\u00ed po cel\u00e9m sv\u011bt\u011b je Citrix l\u00eddrem v poskytov\u00e1n\u00ed bezpe\u010dn\u00fdch, \u0161k\u00e1lovateln\u00fdch a odoln\u00fdch \u0159e\u0161en\u00ed pro zdravotnick\u00e9 z\u00e1kazn\u00edky ji\u017e v\u00edce ne\u017e 3 desetilet\u00ed. IT \u0159e\u0161en\u00ed pro finan\u010dn\u00ed slu\u017eby D\u00edky platform\u011b Citrix mohou finan\u010dn\u00ed instituce, v\u010detn\u011b bank, makl\u00e9\u0159sk\u00fdch spole\u010dnost\u00ed, investi\u010dn\u00edch &hellip; <\/p>\n<p class=\"link-more\"><a href=\"https:\/\/www.asapitcrew.cz\/en\/digital-workspace\/\" class=\"more-link\">Read more<span class=\"screen-reader-text\"> &#8222;Digital Worskpace&#8220;<\/span><\/a><\/p>","protected":false},"author":1,"featured_media":7074,"parent":0,"menu_order":0,"comment_status":"closed","ping_status":"closed","template":"page-templates\/no-title.php","meta":{"footnotes":""},"class_list":["post-7269","page","type-page","status-publish","has-post-thumbnail","hentry"],"_links":{"self":[{"href":"https:\/\/www.asapitcrew.cz\/en\/wp-json\/wp\/v2\/pages\/7269","targetHints":{"allow":["GET"]}}],"collection":[{"href":"https:\/\/www.asapitcrew.cz\/en\/wp-json\/wp\/v2\/pages"}],"about":[{"href":"https:\/\/www.asapitcrew.cz\/en\/wp-json\/wp\/v2\/types\/page"}],"author":[{"embeddable":true,"href":"https:\/\/www.asapitcrew.cz\/en\/wp-json\/wp\/v2\/users\/1"}],"replies":[{"embeddable":true,"href":"https:\/\/www.asapitcrew.cz\/en\/wp-json\/wp\/v2\/comments?post=7269"}],"version-history":[{"count":24,"href":"https:\/\/www.asapitcrew.cz\/en\/wp-json\/wp\/v2\/pages\/7269\/revisions"}],"predecessor-version":[{"id":7697,"href":"https:\/\/www.asapitcrew.cz\/en\/wp-json\/wp\/v2\/pages\/7269\/revisions\/7697"}],"wp:featuredmedia":[{"embeddable":true,"href":"https:\/\/www.asapitcrew.cz\/en\/wp-json\/wp\/v2\/media\/7074"}],"wp:attachment":[{"href":"https:\/\/www.asapitcrew.cz\/en\/wp-json\/wp\/v2\/media?parent=7269"}],"curies":[{"name":"wp","href":"https:\/\/api.w.org\/{rel}","templated":true}]}}